{"id":18683,"date":"2021-09-16T15:55:30","date_gmt":"2021-09-16T13:55:30","guid":{"rendered":"https:\/\/old-eoc.dev-app.net\/?page_id=18683"},"modified":"2021-09-16T15:55:30","modified_gmt":"2021-09-16T13:55:30","slug":"rhapsodie","status":"publish","type":"page","link":"https:\/\/old-eoc.dev-app.net\/en\/agenda\/archives-2022-2023\/rhapsodie\/","title":{"rendered":"Rhapsodie"},"content":{"rendered":"<p>&#8220;Espagnole pour Ravel, hongroise pour Liszt, \u00ab in blue \u00bb pour Gershwin, la rhapsodie est le genre musical de la libert\u00e9, du jaillissement, de la luxuriance. Apr\u00e8s deux ann\u00e9es marqu\u00e9es par le silence, il est temps que les sons, les bruits, les harmonies subtiles, les accords puissants, les rythmes obstin\u00e9s et les m\u00e9lodies enivrantes reprennent leurs droits et offrent \u00e0 nouveau \u00e0 nos existences les \u00e9motions qui nous ont tellement manqu\u00e9. Dans cette programmation qui fait la part belle \u00e0 la diversit\u00e9, la fid\u00e9lit\u00e9 est omnipr\u00e9sente : fid\u00e9lit\u00e9 \u00e0 nos partenaires historiques (Festival de La Chaise-Dieu, Ircam, GRAME-cncm, Festival Messiaen au Pays de la Meije), aux fondateurs de la modernit\u00e9 musicale (Edgar Var\u00e8se, Arnold Schoenberg), \u00e0 nos compositeurs en r\u00e9sidence (\u00c9dith Canat de Chizy, Marc Monnet), \u00e0 la cr\u00e9ation internationale (Lara Morciano, Francesco Filidei, Aram Hovhannisyan, Michel Petrossian), \u00e0 la transmission (lors des concerts lectures et des actions culturelles dans le cadre de La fabrique EOC). C\u2019est aussi un nouveau chapitre de l\u2019histoire de l\u2019ensemble qui s\u2019ouvre avec son installation \u00e0 Saint-\u00c9tienne, ville aux nombreuses institutions culturelles tourn\u00e9es vers l\u2019avenir. Particuli\u00e8rement actif en r\u00e9gion Auvergne \u2013 Rh\u00f4ne-Alpes, l\u2019EOC sera aussi accueilli en dehors de ce territoire notamment par l\u2019Institut de France ou le Printemps des Arts de Monte-Carlo.<\/p>\n<p>Place donc aux rhapsodies multiples : que la f\u00eate recommence !&#8221;<\/p>\n<p style=\"text-align: right;\"><strong>Bruno Mantovani<br \/>\n<\/strong><em>Directeur artistique et musical<\/em><\/p>\n<p>&nbsp;<\/p>\n","protected":false},"excerpt":{"rendered":"<p>&#8220;Espagnole pour Ravel, hongroise pour Liszt, \u00ab in blue \u00bb pour Gershwin, la rhapsodie est le genre musical de la libert\u00e9, du jaillissement, de la luxuriance. Apr\u00e8s deux ann\u00e9es marqu\u00e9es par le silence, il est temps que les sons, les bruits, les harmonies subtiles, les accords puissants, les rythmes obstin\u00e9s et les m\u00e9lodies enivrantes reprennent [&hellip;]<\/p>\n","protected":false},"author":21,"featured_media":18684,"parent":44,"menu_order":0,"comment_status":"closed","ping_status":"closed","template":"","meta":{"_acf_changed":false,"footnotes":""},"class_list":["post-18683","page","type-page","status-publish","has-post-thumbnail","hentry"],"acf":[],"yoast_head":"<!-- This site is optimized with the Yoast SEO plugin v24.8.1 - https:\/\/yoast.com\/wordpress\/plugins\/seo\/ -->\n<title>Rhapsodie - saison 21-22 - Ensemble Orchestral Contemporain<\/title>\n<meta name=\"robots\" content=\"noindex, follow, max-snippet:-1, max-image-preview:large, max-video-preview:-1\" \/>\n<meta property=\"og:locale\" content=\"en_US\" \/>\n<meta property=\"og:type\" content=\"article\" \/>\n<meta property=\"og:title\" content=\"Rhapsodie - saison 21-22 - Ensemble Orchestral Contemporain\" \/>\n<meta property=\"og:description\" content=\"&#8220;Espagnole pour Ravel, hongroise pour Liszt, \u00ab in blue \u00bb pour Gershwin, la rhapsodie est le genre musical de la libert\u00e9, du jaillissement, de la luxuriance. Apr\u00e8s deux ann\u00e9es marqu\u00e9es par le silence, il est temps que les sons, les bruits, les harmonies subtiles, les accords puissants, les rythmes obstin\u00e9s et les m\u00e9lodies enivrantes reprennent [&hellip;]\" \/>\n<meta property=\"og:url\" content=\"https:\/\/old-eoc.dev-app.net\/agenda\/archives-2022-2023\/rhapsodie\/\" \/>\n<meta property=\"og:site_name\" content=\"Ensemble Orchestral Contemporain\" \/>\n<meta property=\"og:image\" content=\"https:\/\/old-eoc.dev-app.net\/wp-content\/uploads\/2021\/09\/edito-scaled.jpg\" \/>\n\t<meta property=\"og:image:width\" content=\"1920\" \/>\n\t<meta property=\"og:image:height\" content=\"1152\" \/>\n\t<meta property=\"og:image:type\" content=\"image\/jpeg\" \/>\n<meta name=\"twitter:card\" content=\"summary_large_image\" \/>\n<meta name=\"twitter:label1\" content=\"Est. reading time\" \/>\n\t<meta name=\"twitter:data1\" content=\"1 minute\" \/>\n<script type=\"application\/ld+json\" class=\"yoast-schema-graph\">{\"@context\":\"https:\/\/schema.org\",\"@graph\":[{\"@type\":\"WebPage\",\"@id\":\"https:\/\/old-eoc.dev-app.net\/agenda\/archives-2022-2023\/rhapsodie\/\",\"url\":\"https:\/\/old-eoc.dev-app.net\/agenda\/archives-2022-2023\/rhapsodie\/\",\"name\":\"Rhapsodie - saison 21-22 - Ensemble Orchestral Contemporain\",\"isPartOf\":{\"@id\":\"https:\/\/old-eoc.dev-app.net\/#website\"},\"primaryImageOfPage\":{\"@id\":\"https:\/\/old-eoc.dev-app.net\/agenda\/archives-2022-2023\/rhapsodie\/#primaryimage\"},\"image\":{\"@id\":\"https:\/\/old-eoc.dev-app.net\/agenda\/archives-2022-2023\/rhapsodie\/#primaryimage\"},\"thumbnailUrl\":\"https:\/\/old-eoc.dev-app.net\/wp-content\/uploads\/2021\/09\/edito-scaled.jpg\",\"datePublished\":\"2021-09-16T13:55:30+00:00\",\"breadcrumb\":{\"@id\":\"https:\/\/old-eoc.dev-app.net\/agenda\/archives-2022-2023\/rhapsodie\/#breadcrumb\"},\"inLanguage\":\"en-US\",\"potentialAction\":[{\"@type\":\"ReadAction\",\"target\":[\"https:\/\/old-eoc.dev-app.net\/agenda\/archives-2022-2023\/rhapsodie\/\"]}]},{\"@type\":\"ImageObject\",\"inLanguage\":\"en-US\",\"@id\":\"https:\/\/old-eoc.dev-app.net\/agenda\/archives-2022-2023\/rhapsodie\/#primaryimage\",\"url\":\"https:\/\/old-eoc.dev-app.net\/wp-content\/uploads\/2021\/09\/edito-scaled.jpg\",\"contentUrl\":\"https:\/\/old-eoc.dev-app.net\/wp-content\/uploads\/2021\/09\/edito-scaled.jpg\",\"width\":1920,\"height\":1152},{\"@type\":\"BreadcrumbList\",\"@id\":\"https:\/\/old-eoc.dev-app.net\/agenda\/archives-2022-2023\/rhapsodie\/#breadcrumb\",\"itemListElement\":[{\"@type\":\"ListItem\",\"position\":1,\"name\":\"Accueil\",\"item\":\"https:\/\/old-eoc.dev-app.net\/en\/\"},{\"@type\":\"ListItem\",\"position\":2,\"name\":\"Agenda\",\"item\":\"https:\/\/old-eoc.dev-app.net\/agenda\/\"},{\"@type\":\"ListItem\",\"position\":3,\"name\":\"Archives 2022-2023\",\"item\":\"https:\/\/old-eoc.dev-app.net\/agenda\/archives-2022-2023\/\"},{\"@type\":\"ListItem\",\"position\":4,\"name\":\"Rhapsodie\"}]},{\"@type\":\"WebSite\",\"@id\":\"https:\/\/old-eoc.dev-app.net\/#website\",\"url\":\"https:\/\/old-eoc.dev-app.net\/\",\"name\":\"Ensemble Orchestral Contemporain\",\"description\":\"Direction Daniel Kawka\",\"publisher\":{\"@id\":\"https:\/\/old-eoc.dev-app.net\/#organization\"},\"potentialAction\":[{\"@type\":\"SearchAction\",\"target\":{\"@type\":\"EntryPoint\",\"urlTemplate\":\"https:\/\/old-eoc.dev-app.net\/?s={search_term_string}\"},\"query-input\":{\"@type\":\"PropertyValueSpecification\",\"valueRequired\":true,\"valueName\":\"search_term_string\"}}],\"inLanguage\":\"en-US\"},{\"@type\":\"Organization\",\"@id\":\"https:\/\/old-eoc.dev-app.net\/#organization\",\"name\":\"Ensemble Orchestral Contemporain\",\"url\":\"https:\/\/old-eoc.dev-app.net\/\",\"logo\":{\"@type\":\"ImageObject\",\"inLanguage\":\"en-US\",\"@id\":\"https:\/\/old-eoc.dev-app.net\/#\/schema\/logo\/image\/\",\"url\":\"https:\/\/old-eoc.dev-app.net\/wp-content\/uploads\/2024\/02\/cropped-admin-ajax2.jpg\",\"contentUrl\":\"https:\/\/old-eoc.dev-app.net\/wp-content\/uploads\/2024\/02\/cropped-admin-ajax2.jpg\",\"width\":148,\"height\":79,\"caption\":\"Ensemble Orchestral Contemporain\"},\"image\":{\"@id\":\"https:\/\/old-eoc.dev-app.net\/#\/schema\/logo\/image\/\"},\"sameAs\":[\"https:\/\/www.youtube.com\/user\/EnsembleEOC\"]}]}<\/script>\n<!-- \/ Yoast SEO plugin. -->","yoast_head_json":{"title":"Rhapsodie - saison 21-22 - Ensemble Orchestral Contemporain","robots":{"index":"noindex","follow":"follow","max-snippet":"max-snippet:-1","max-image-preview":"max-image-preview:large","max-video-preview":"max-video-preview:-1"},"og_locale":"en_US","og_type":"article","og_title":"Rhapsodie - saison 21-22 - Ensemble Orchestral Contemporain","og_description":"&#8220;Espagnole pour Ravel, hongroise pour Liszt, \u00ab in blue \u00bb pour Gershwin, la rhapsodie est le genre musical de la libert\u00e9, du jaillissement, de la luxuriance. Apr\u00e8s deux ann\u00e9es marqu\u00e9es par le silence, il est temps que les sons, les bruits, les harmonies subtiles, les accords puissants, les rythmes obstin\u00e9s et les m\u00e9lodies enivrantes reprennent [&hellip;]","og_url":"https:\/\/old-eoc.dev-app.net\/agenda\/archives-2022-2023\/rhapsodie\/","og_site_name":"Ensemble Orchestral Contemporain","og_image":[{"width":1920,"height":1152,"url":"https:\/\/old-eoc.dev-app.net\/wp-content\/uploads\/2021\/09\/edito-scaled.jpg","type":"image\/jpeg"}],"twitter_card":"summary_large_image","twitter_misc":{"Est. reading time":"1 minute"},"schema":{"@context":"https:\/\/schema.org","@graph":[{"@type":"WebPage","@id":"https:\/\/old-eoc.dev-app.net\/agenda\/archives-2022-2023\/rhapsodie\/","url":"https:\/\/old-eoc.dev-app.net\/agenda\/archives-2022-2023\/rhapsodie\/","name":"Rhapsodie - saison 21-22 - Ensemble Orchestral Contemporain","isPartOf":{"@id":"https:\/\/old-eoc.dev-app.net\/#website"},"primaryImageOfPage":{"@id":"https:\/\/old-eoc.dev-app.net\/agenda\/archives-2022-2023\/rhapsodie\/#primaryimage"},"image":{"@id":"https:\/\/old-eoc.dev-app.net\/agenda\/archives-2022-2023\/rhapsodie\/#primaryimage"},"thumbnailUrl":"https:\/\/old-eoc.dev-app.net\/wp-content\/uploads\/2021\/09\/edito-scaled.jpg","datePublished":"2021-09-16T13:55:30+00:00","breadcrumb":{"@id":"https:\/\/old-eoc.dev-app.net\/agenda\/archives-2022-2023\/rhapsodie\/#breadcrumb"},"inLanguage":"en-US","potentialAction":[{"@type":"ReadAction","target":["https:\/\/old-eoc.dev-app.net\/agenda\/archives-2022-2023\/rhapsodie\/"]}]},{"@type":"ImageObject","inLanguage":"en-US","@id":"https:\/\/old-eoc.dev-app.net\/agenda\/archives-2022-2023\/rhapsodie\/#primaryimage","url":"https:\/\/old-eoc.dev-app.net\/wp-content\/uploads\/2021\/09\/edito-scaled.jpg","contentUrl":"https:\/\/old-eoc.dev-app.net\/wp-content\/uploads\/2021\/09\/edito-scaled.jpg","width":1920,"height":1152},{"@type":"BreadcrumbList","@id":"https:\/\/old-eoc.dev-app.net\/agenda\/archives-2022-2023\/rhapsodie\/#breadcrumb","itemListElement":[{"@type":"ListItem","position":1,"name":"Accueil","item":"https:\/\/old-eoc.dev-app.net\/en\/"},{"@type":"ListItem","position":2,"name":"Agenda","item":"https:\/\/old-eoc.dev-app.net\/agenda\/"},{"@type":"ListItem","position":3,"name":"Archives 2022-2023","item":"https:\/\/old-eoc.dev-app.net\/agenda\/archives-2022-2023\/"},{"@type":"ListItem","position":4,"name":"Rhapsodie"}]},{"@type":"WebSite","@id":"https:\/\/old-eoc.dev-app.net\/#website","url":"https:\/\/old-eoc.dev-app.net\/","name":"Ensemble Orchestral Contemporain","description":"Direction Daniel Kawka","publisher":{"@id":"https:\/\/old-eoc.dev-app.net\/#organization"},"potentialAction":[{"@type":"SearchAction","target":{"@type":"EntryPoint","urlTemplate":"https:\/\/old-eoc.dev-app.net\/?s={search_term_string}"},"query-input":{"@type":"PropertyValueSpecification","valueRequired":true,"valueName":"search_term_string"}}],"inLanguage":"en-US"},{"@type":"Organization","@id":"https:\/\/old-eoc.dev-app.net\/#organization","name":"Ensemble Orchestral Contemporain","url":"https:\/\/old-eoc.dev-app.net\/","logo":{"@type":"ImageObject","inLanguage":"en-US","@id":"https:\/\/old-eoc.dev-app.net\/#\/schema\/logo\/image\/","url":"https:\/\/old-eoc.dev-app.net\/wp-content\/uploads\/2024\/02\/cropped-admin-ajax2.jpg","contentUrl":"https:\/\/old-eoc.dev-app.net\/wp-content\/uploads\/2024\/02\/cropped-admin-ajax2.jpg","width":148,"height":79,"caption":"Ensemble Orchestral Contemporain"},"image":{"@id":"https:\/\/old-eoc.dev-app.net\/#\/schema\/logo\/image\/"},"sameAs":["https:\/\/www.youtube.com\/user\/EnsembleEOC"]}]}},"_links":{"self":[{"href":"https:\/\/old-eoc.dev-app.net\/en\/wp-json\/wp\/v2\/pages\/18683","targetHints":{"allow":["GET"]}}],"collection":[{"href":"https:\/\/old-eoc.dev-app.net\/en\/wp-json\/wp\/v2\/pages"}],"about":[{"href":"https:\/\/old-eoc.dev-app.net\/en\/wp-json\/wp\/v2\/types\/page"}],"author":[{"embeddable":true,"href":"https:\/\/old-eoc.dev-app.net\/en\/wp-json\/wp\/v2\/users\/21"}],"replies":[{"embeddable":true,"href":"https:\/\/old-eoc.dev-app.net\/en\/wp-json\/wp\/v2\/comments?post=18683"}],"version-history":[{"count":0,"href":"https:\/\/old-eoc.dev-app.net\/en\/wp-json\/wp\/v2\/pages\/18683\/revisions"}],"up":[{"embeddable":true,"href":"https:\/\/old-eoc.dev-app.net\/en\/wp-json\/wp\/v2\/pages\/44"}],"wp:featuredmedia":[{"embeddable":true,"href":"https:\/\/old-eoc.dev-app.net\/en\/wp-json\/wp\/v2\/media\/18684"}],"wp:attachment":[{"href":"https:\/\/old-eoc.dev-app.net\/en\/wp-json\/wp\/v2\/media?parent=18683"}],"curies":[{"name":"wp","href":"https:\/\/api.w.org\/{rel}","templated":true}]}}