{"id":1857,"date":"2018-06-22T16:07:22","date_gmt":"2018-06-22T14:07:22","guid":{"rendered":"http:\/\/dev.eoc.fr\/beyond-the-concerts\/ressources\/"},"modified":"2018-09-13T15:10:37","modified_gmt":"2018-09-13T13:10:37","slug":"resources","status":"publish","type":"page","link":"https:\/\/old-eoc.dev-app.net\/en\/la-fabrique-eoc\/resources\/","title":{"rendered":"Resources"},"content":{"rendered":"<p>Retrouvez des dossiers artistiques portant sur un programme de concert ou une \u0153uvre en particulier interpr\u00e9t\u00e9e par l\u2019EOC cette saison,\u00a0<span style=\"font-size: inherit; letter-spacing: 0.1rem;\">des propositions de projet de cr\u00e9ation musicale ou de d\u00e9couverte qui peuvent \u00eatre mis en place sur la saison 2018-2019 ou les saisons suivantes. D\u2019autres propositions sont \u00e9galement envisageables car chaque projet n\u2019est pas \u00ab cl\u00e9 en main \u00bb mais tient compte de vos attentes et envies. N\u2019h\u00e9sitez donc pas \u00e0 <a href=\"http:\/\/dev.eoc.fr\/en\/contact\/\">prendre contact avec nous<\/a> pour que nous \u00e9laborions ensemble un projet !<\/span><\/p>\n","protected":false},"excerpt":{"rendered":"<p>Retrouvez des dossiers artistiques portant sur un programme de concert ou une \u0153uvre en particulier interpr\u00e9t\u00e9e par l\u2019EOC cette saison,\u00a0des propositions de projet de cr\u00e9ation musicale ou de d\u00e9couverte qui peuvent \u00eatre mis en place sur la saison 2018-2019 ou les saisons suivantes. D\u2019autres propositions sont \u00e9galement envisageables car chaque projet n\u2019est pas \u00ab cl\u00e9 [&hellip;]<\/p>\n","protected":false},"author":2,"featured_media":0,"parent":1687,"menu_order":43,"comment_status":"closed","ping_status":"closed","template":"page-templates\/page-telechargements.php","meta":{"_acf_changed":false,"footnotes":""},"class_list":["post-1857","page","type-page","status-publish","hentry"],"acf":[],"yoast_head":"<!-- This site is optimized with the Yoast SEO plugin v24.8.1 - https:\/\/yoast.com\/wordpress\/plugins\/seo\/ -->\n<title>Resources - Ensemble Orchestral Contemporain<\/title>\n<meta name=\"robots\" content=\"noindex, follow, max-snippet:-1, max-image-preview:large, max-video-preview:-1\" \/>\n<meta property=\"og:locale\" content=\"en_US\" \/>\n<meta property=\"og:type\" content=\"article\" \/>\n<meta property=\"og:title\" content=\"Resources - Ensemble Orchestral Contemporain\" \/>\n<meta property=\"og:description\" content=\"Retrouvez des dossiers artistiques portant sur un programme de concert ou une \u0153uvre en particulier interpr\u00e9t\u00e9e par l\u2019EOC cette saison,\u00a0des propositions de projet de cr\u00e9ation musicale ou de d\u00e9couverte qui peuvent \u00eatre mis en place sur la saison 2018-2019 ou les saisons suivantes. D\u2019autres propositions sont \u00e9galement envisageables car chaque projet n\u2019est pas \u00ab cl\u00e9 [&hellip;]\" \/>\n<meta property=\"og:url\" content=\"https:\/\/old-eoc.dev-app.net\/en\/la-fabrique-eoc\/resources\/\" \/>\n<meta property=\"og:site_name\" content=\"Ensemble Orchestral Contemporain\" \/>\n<meta property=\"article:modified_time\" content=\"2018-09-13T13:10:37+00:00\" \/>\n<meta name=\"twitter:card\" content=\"summary_large_image\" \/>\n<script type=\"application\/ld+json\" class=\"yoast-schema-graph\">{\"@context\":\"https:\/\/schema.org\",\"@graph\":[{\"@type\":\"WebPage\",\"@id\":\"https:\/\/old-eoc.dev-app.net\/en\/la-fabrique-eoc\/resources\/\",\"url\":\"https:\/\/old-eoc.dev-app.net\/en\/la-fabrique-eoc\/resources\/\",\"name\":\"Resources - Ensemble Orchestral Contemporain\",\"isPartOf\":{\"@id\":\"https:\/\/old-eoc.dev-app.net\/#website\"},\"datePublished\":\"2018-06-22T14:07:22+00:00\",\"dateModified\":\"2018-09-13T13:10:37+00:00\",\"breadcrumb\":{\"@id\":\"https:\/\/old-eoc.dev-app.net\/en\/la-fabrique-eoc\/resources\/#breadcrumb\"},\"inLanguage\":\"en-US\",\"potentialAction\":[{\"@type\":\"ReadAction\",\"target\":[\"https:\/\/old-eoc.dev-app.net\/en\/la-fabrique-eoc\/resources\/\"]}]},{\"@type\":\"BreadcrumbList\",\"@id\":\"https:\/\/old-eoc.dev-app.net\/en\/la-fabrique-eoc\/resources\/#breadcrumb\",\"itemListElement\":[{\"@type\":\"ListItem\",\"position\":1,\"name\":\"Accueil\",\"item\":\"https:\/\/old-eoc.dev-app.net\/en\/\"},{\"@type\":\"ListItem\",\"position\":2,\"name\":\"La fabrique EOC\",\"item\":\"https:\/\/old-eoc.dev-app.net\/en\/la-fabrique-eoc\/\"},{\"@type\":\"ListItem\",\"position\":3,\"name\":\"Resources\"}]},{\"@type\":\"WebSite\",\"@id\":\"https:\/\/old-eoc.dev-app.net\/#website\",\"url\":\"https:\/\/old-eoc.dev-app.net\/\",\"name\":\"Ensemble Orchestral Contemporain\",\"description\":\"Direction Daniel Kawka\",\"publisher\":{\"@id\":\"https:\/\/old-eoc.dev-app.net\/#organization\"},\"potentialAction\":[{\"@type\":\"SearchAction\",\"target\":{\"@type\":\"EntryPoint\",\"urlTemplate\":\"https:\/\/old-eoc.dev-app.net\/?s={search_term_string}\"},\"query-input\":{\"@type\":\"PropertyValueSpecification\",\"valueRequired\":true,\"valueName\":\"search_term_string\"}}],\"inLanguage\":\"en-US\"},{\"@type\":\"Organization\",\"@id\":\"https:\/\/old-eoc.dev-app.net\/#organization\",\"name\":\"Ensemble Orchestral Contemporain\",\"url\":\"https:\/\/old-eoc.dev-app.net\/\",\"logo\":{\"@type\":\"ImageObject\",\"inLanguage\":\"en-US\",\"@id\":\"https:\/\/old-eoc.dev-app.net\/#\/schema\/logo\/image\/\",\"url\":\"https:\/\/old-eoc.dev-app.net\/wp-content\/uploads\/2024\/02\/cropped-admin-ajax2.jpg\",\"contentUrl\":\"https:\/\/old-eoc.dev-app.net\/wp-content\/uploads\/2024\/02\/cropped-admin-ajax2.jpg\",\"width\":148,\"height\":79,\"caption\":\"Ensemble Orchestral Contemporain\"},\"image\":{\"@id\":\"https:\/\/old-eoc.dev-app.net\/#\/schema\/logo\/image\/\"},\"sameAs\":[\"https:\/\/www.youtube.com\/user\/EnsembleEOC\"]}]}<\/script>\n<!-- \/ Yoast SEO plugin. -->","yoast_head_json":{"title":"Resources - Ensemble Orchestral Contemporain","robots":{"index":"noindex","follow":"follow","max-snippet":"max-snippet:-1","max-image-preview":"max-image-preview:large","max-video-preview":"max-video-preview:-1"},"og_locale":"en_US","og_type":"article","og_title":"Resources - Ensemble Orchestral Contemporain","og_description":"Retrouvez des dossiers artistiques portant sur un programme de concert ou une \u0153uvre en particulier interpr\u00e9t\u00e9e par l\u2019EOC cette saison,\u00a0des propositions de projet de cr\u00e9ation musicale ou de d\u00e9couverte qui peuvent \u00eatre mis en place sur la saison 2018-2019 ou les saisons suivantes. D\u2019autres propositions sont \u00e9galement envisageables car chaque projet n\u2019est pas \u00ab cl\u00e9 [&hellip;]","og_url":"https:\/\/old-eoc.dev-app.net\/en\/la-fabrique-eoc\/resources\/","og_site_name":"Ensemble Orchestral Contemporain","article_modified_time":"2018-09-13T13:10:37+00:00","twitter_card":"summary_large_image","schema":{"@context":"https:\/\/schema.org","@graph":[{"@type":"WebPage","@id":"https:\/\/old-eoc.dev-app.net\/en\/la-fabrique-eoc\/resources\/","url":"https:\/\/old-eoc.dev-app.net\/en\/la-fabrique-eoc\/resources\/","name":"Resources - Ensemble Orchestral Contemporain","isPartOf":{"@id":"https:\/\/old-eoc.dev-app.net\/#website"},"datePublished":"2018-06-22T14:07:22+00:00","dateModified":"2018-09-13T13:10:37+00:00","breadcrumb":{"@id":"https:\/\/old-eoc.dev-app.net\/en\/la-fabrique-eoc\/resources\/#breadcrumb"},"inLanguage":"en-US","potentialAction":[{"@type":"ReadAction","target":["https:\/\/old-eoc.dev-app.net\/en\/la-fabrique-eoc\/resources\/"]}]},{"@type":"BreadcrumbList","@id":"https:\/\/old-eoc.dev-app.net\/en\/la-fabrique-eoc\/resources\/#breadcrumb","itemListElement":[{"@type":"ListItem","position":1,"name":"Accueil","item":"https:\/\/old-eoc.dev-app.net\/en\/"},{"@type":"ListItem","position":2,"name":"La fabrique EOC","item":"https:\/\/old-eoc.dev-app.net\/en\/la-fabrique-eoc\/"},{"@type":"ListItem","position":3,"name":"Resources"}]},{"@type":"WebSite","@id":"https:\/\/old-eoc.dev-app.net\/#website","url":"https:\/\/old-eoc.dev-app.net\/","name":"Ensemble Orchestral Contemporain","description":"Direction Daniel Kawka","publisher":{"@id":"https:\/\/old-eoc.dev-app.net\/#organization"},"potentialAction":[{"@type":"SearchAction","target":{"@type":"EntryPoint","urlTemplate":"https:\/\/old-eoc.dev-app.net\/?s={search_term_string}"},"query-input":{"@type":"PropertyValueSpecification","valueRequired":true,"valueName":"search_term_string"}}],"inLanguage":"en-US"},{"@type":"Organization","@id":"https:\/\/old-eoc.dev-app.net\/#organization","name":"Ensemble Orchestral Contemporain","url":"https:\/\/old-eoc.dev-app.net\/","logo":{"@type":"ImageObject","inLanguage":"en-US","@id":"https:\/\/old-eoc.dev-app.net\/#\/schema\/logo\/image\/","url":"https:\/\/old-eoc.dev-app.net\/wp-content\/uploads\/2024\/02\/cropped-admin-ajax2.jpg","contentUrl":"https:\/\/old-eoc.dev-app.net\/wp-content\/uploads\/2024\/02\/cropped-admin-ajax2.jpg","width":148,"height":79,"caption":"Ensemble Orchestral Contemporain"},"image":{"@id":"https:\/\/old-eoc.dev-app.net\/#\/schema\/logo\/image\/"},"sameAs":["https:\/\/www.youtube.com\/user\/EnsembleEOC"]}]}},"_links":{"self":[{"href":"https:\/\/old-eoc.dev-app.net\/en\/wp-json\/wp\/v2\/pages\/1857","targetHints":{"allow":["GET"]}}],"collection":[{"href":"https:\/\/old-eoc.dev-app.net\/en\/wp-json\/wp\/v2\/pages"}],"about":[{"href":"https:\/\/old-eoc.dev-app.net\/en\/wp-json\/wp\/v2\/types\/page"}],"author":[{"embeddable":true,"href":"https:\/\/old-eoc.dev-app.net\/en\/wp-json\/wp\/v2\/users\/2"}],"replies":[{"embeddable":true,"href":"https:\/\/old-eoc.dev-app.net\/en\/wp-json\/wp\/v2\/comments?post=1857"}],"version-history":[{"count":0,"href":"https:\/\/old-eoc.dev-app.net\/en\/wp-json\/wp\/v2\/pages\/1857\/revisions"}],"up":[{"embeddable":true,"href":"https:\/\/old-eoc.dev-app.net\/en\/wp-json\/wp\/v2\/pages\/1687"}],"wp:attachment":[{"href":"https:\/\/old-eoc.dev-app.net\/en\/wp-json\/wp\/v2\/media?parent=1857"}],"curies":[{"name":"wp","href":"https:\/\/api.w.org\/{rel}","templated":true}]}}