{"id":1704,"date":"2018-06-12T10:17:20","date_gmt":"2018-06-12T08:17:20","guid":{"rendered":"http:\/\/dev.eoc.fr\/mentions-legales\/"},"modified":"2018-08-16T13:25:19","modified_gmt":"2018-08-16T11:25:19","slug":"terms","status":"publish","type":"page","link":"https:\/\/old-eoc.dev-app.net\/en\/terms\/","title":{"rendered":"Terms"},"content":{"rendered":"<h3>Ensemble Orchestral Contemporain<\/h3>\n<p>Association loi 1901<br \/>\n6 Quai Jean Moulin, BP 1056, 69201 Lyon Cedex 01<br \/>\nSi\u00e8ge social\u00a0: Conservatoire Massenet, 32 rue des Francs-Ma\u00e7ons, 42100 Saint-\u00c9tienne<\/p>\n<p>T\u00e9l : 04 72 10 90 40<br \/>\nSite Internet : <a href=\"http:\/\/dev.eoc.fr\/\">www.eoc.fr<\/a><br \/>\nCourriel : <a href=\"mailto:info@eoc.fr\">info@eoc.fr<\/a><\/p>\n<p>L\u2019Ensemble Orchestral Contemporain est un Ensemble \u00e0 Rayonnement National et International (CERNI). Il est subventionn\u00e9 par le Minist\u00e8re de la Culture et de la Communication \u2013 Drac Auvergne-Rh\u00f4ne-Alpes, la R\u00e9gion Auvergne-Rh\u00f4ne-Alpes, le D\u00e9partement de la Loire, la Ville de Saint-\u00c9tienne, la Spedidam et la Sacem.<\/p>\n<p><strong>Directeur de la publication :<\/strong> Serge Gagnaire, Pr\u00e9sident<\/p>\n<p><strong>Webmaster :<\/strong> Nolwenn Guigueno<\/p>\n<p><strong>R\u00e9alisation du site :<\/strong> Audrey Prud\u2019Homme<br \/>\n2 bis rue Amp\u00e8re, 38000 Grenoble<br \/>\nSite Internet : <a href=\"https:\/\/audrey-prudhomme.fr\" target=\"_blank\" rel=\"noopener\">https:\/\/audrey-prudhomme.fr<\/a><\/p>\n<p><strong>H\u00e9bergement\u00a0:<\/strong>\u00a0<span style=\"font-size: inherit; letter-spacing: 0.1rem;\">CO-F4<br \/>\n<\/span>187, grande rue de la Guilloti\u00e8re 69007 Lyon<br \/>\net PhpNet.<\/p>\n<h4>Droit d\u2019auteur, copyright<\/h4>\n<p>Le site de l&#8217;Ensemble Orchestral Contemporain est une \u0153uvre de l\u2019esprit prot\u00e9g\u00e9e par la l\u00e9gislation en vigueur. Les droits de l\u2019auteur de ce site sont r\u00e9serv\u00e9s pour toute forme d\u2019utilisation. En particulier, la reproduction des \u00e9l\u00e9ments graphiques du site, le t\u00e9l\u00e9chargement complet du site pour son enregistrement sur un support de diffusion, ainsi que toute utilisation des visuels et textes qu\u2019il contient autre que la consultation individuelle et priv\u00e9e sont interdits sans autorisation. Les droits aff\u00e9rents aux illustrations et photographies contenues dans ce site appartiennent, sauf mention contraire, \u00e0 l&#8217;Ensemble Orchestral Contemporain.<\/p>\n<p>Cr\u00e9dits photos : \u00a9Siegfried Marque \u00a9F\u00e9lix Ledru \u00a9Claude Duf\u00eatre \u00a9EOC<\/p>\n<h4>Protection des donn\u00e9es personnelles<\/h4>\n<p>Nous sommes amen\u00e9s, par l\u2019interm\u00e9diaire du pr\u00e9sent site \u00e0 collecter des informations \u00e0 caract\u00e8re personnel vous concernant. Cependant, aucune information n\u2019est collect\u00e9e \u00e0 votre insu. Toutes ces informations sont destin\u00e9es \u00e0 l\u2019Ensemble Orchestral Contemporain et ne sont en aucun cas c\u00e9d\u00e9es \u00e0 un tiers.<\/p>\n<p>Vous disposez d\u2019un droit d\u2019acc\u00e8s, de modification, de rectification et de suppression des donn\u00e9es vous concernant (loi \u00abinformatique et libert\u00e9s\u00bb du 6 janvier 1978). Pour toute demande, adressez-vous \u00e0<\/p>\n<p>Ensemble Orchestral Contemporain<br \/>\n6 Quai Jean Moulin, BP 1056, 69201 Lyon Cedex 01<br \/>\nCourriel : info@eoc.fr<\/p>\n<h4>Ensemble Orchestral Contemporain<\/h4>\n<p>Siret\u00a0: 387 734 452 00049<\/p>\n<p>Code APE\u00a0: 9001Z<\/p>\n<p>TVA intracommunautaire\u00a0: FR29 387 734 452<\/p>\n<p>Licence d\u2019entrepreneur de spectacle :\u00a0<span style=\"font-size: inherit; letter-spacing: 0.1rem;\">n\u00b02-1057424 et 3-1057425<\/span><\/p>\n","protected":false},"excerpt":{"rendered":"<p>Ensemble Orchestral Contemporain Association loi 1901 6 Quai Jean Moulin, BP 1056, 69201 Lyon Cedex 01 Si\u00e8ge social\u00a0: Conservatoire Massenet, 32 rue des Francs-Ma\u00e7ons, 42100 Saint-\u00c9tienne T\u00e9l : 04 72 10 90 40 Site Internet : www.eoc.fr Courriel : info@eoc.fr L\u2019Ensemble Orchestral Contemporain est un Ensemble \u00e0 Rayonnement National et International (CERNI). Il est subventionn\u00e9 [&hellip;]<\/p>\n","protected":false},"author":1,"featured_media":0,"parent":0,"menu_order":101,"comment_status":"closed","ping_status":"closed","template":"","meta":{"_acf_changed":false,"footnotes":""},"class_list":["post-1704","page","type-page","status-publish","hentry"],"acf":[],"yoast_head":"<!-- This site is optimized with the Yoast SEO plugin v24.8.1 - https:\/\/yoast.com\/wordpress\/plugins\/seo\/ -->\n<title>Terms - Ensemble Orchestral Contemporain<\/title>\n<meta name=\"robots\" content=\"noindex, follow, max-snippet:-1, max-image-preview:large, max-video-preview:-1\" \/>\n<meta property=\"og:locale\" content=\"en_US\" \/>\n<meta property=\"og:type\" content=\"article\" \/>\n<meta property=\"og:title\" content=\"Terms - Ensemble Orchestral Contemporain\" \/>\n<meta property=\"og:description\" content=\"Ensemble Orchestral Contemporain Association loi 1901 6 Quai Jean Moulin, BP 1056, 69201 Lyon Cedex 01 Si\u00e8ge social\u00a0: Conservatoire Massenet, 32 rue des Francs-Ma\u00e7ons, 42100 Saint-\u00c9tienne T\u00e9l : 04 72 10 90 40 Site Internet : www.eoc.fr Courriel : info@eoc.fr L\u2019Ensemble Orchestral Contemporain est un Ensemble \u00e0 Rayonnement National et International (CERNI). Il est subventionn\u00e9 [&hellip;]\" \/>\n<meta property=\"og:url\" content=\"https:\/\/old-eoc.dev-app.net\/en\/terms\/\" \/>\n<meta property=\"og:site_name\" content=\"Ensemble Orchestral Contemporain\" \/>\n<meta property=\"article:modified_time\" content=\"2018-08-16T11:25:19+00:00\" \/>\n<meta name=\"twitter:card\" content=\"summary_large_image\" \/>\n<meta name=\"twitter:label1\" content=\"Est. reading time\" \/>\n\t<meta name=\"twitter:data1\" content=\"2 minutes\" \/>\n<script type=\"application\/ld+json\" class=\"yoast-schema-graph\">{\"@context\":\"https:\/\/schema.org\",\"@graph\":[{\"@type\":\"WebPage\",\"@id\":\"https:\/\/old-eoc.dev-app.net\/en\/terms\/\",\"url\":\"https:\/\/old-eoc.dev-app.net\/en\/terms\/\",\"name\":\"Terms - Ensemble Orchestral Contemporain\",\"isPartOf\":{\"@id\":\"https:\/\/old-eoc.dev-app.net\/#website\"},\"datePublished\":\"2018-06-12T08:17:20+00:00\",\"dateModified\":\"2018-08-16T11:25:19+00:00\",\"breadcrumb\":{\"@id\":\"https:\/\/old-eoc.dev-app.net\/en\/terms\/#breadcrumb\"},\"inLanguage\":\"en-US\",\"potentialAction\":[{\"@type\":\"ReadAction\",\"target\":[\"https:\/\/old-eoc.dev-app.net\/en\/terms\/\"]}]},{\"@type\":\"BreadcrumbList\",\"@id\":\"https:\/\/old-eoc.dev-app.net\/en\/terms\/#breadcrumb\",\"itemListElement\":[{\"@type\":\"ListItem\",\"position\":1,\"name\":\"Accueil\",\"item\":\"https:\/\/old-eoc.dev-app.net\/en\/\"},{\"@type\":\"ListItem\",\"position\":2,\"name\":\"Terms\"}]},{\"@type\":\"WebSite\",\"@id\":\"https:\/\/old-eoc.dev-app.net\/#website\",\"url\":\"https:\/\/old-eoc.dev-app.net\/\",\"name\":\"Ensemble Orchestral Contemporain\",\"description\":\"Direction Daniel Kawka\",\"publisher\":{\"@id\":\"https:\/\/old-eoc.dev-app.net\/#organization\"},\"potentialAction\":[{\"@type\":\"SearchAction\",\"target\":{\"@type\":\"EntryPoint\",\"urlTemplate\":\"https:\/\/old-eoc.dev-app.net\/?s={search_term_string}\"},\"query-input\":{\"@type\":\"PropertyValueSpecification\",\"valueRequired\":true,\"valueName\":\"search_term_string\"}}],\"inLanguage\":\"en-US\"},{\"@type\":\"Organization\",\"@id\":\"https:\/\/old-eoc.dev-app.net\/#organization\",\"name\":\"Ensemble Orchestral Contemporain\",\"url\":\"https:\/\/old-eoc.dev-app.net\/\",\"logo\":{\"@type\":\"ImageObject\",\"inLanguage\":\"en-US\",\"@id\":\"https:\/\/old-eoc.dev-app.net\/#\/schema\/logo\/image\/\",\"url\":\"https:\/\/old-eoc.dev-app.net\/wp-content\/uploads\/2024\/02\/cropped-admin-ajax2.jpg\",\"contentUrl\":\"https:\/\/old-eoc.dev-app.net\/wp-content\/uploads\/2024\/02\/cropped-admin-ajax2.jpg\",\"width\":148,\"height\":79,\"caption\":\"Ensemble Orchestral Contemporain\"},\"image\":{\"@id\":\"https:\/\/old-eoc.dev-app.net\/#\/schema\/logo\/image\/\"},\"sameAs\":[\"https:\/\/www.youtube.com\/user\/EnsembleEOC\"]}]}<\/script>\n<!-- \/ Yoast SEO plugin. -->","yoast_head_json":{"title":"Terms - Ensemble Orchestral Contemporain","robots":{"index":"noindex","follow":"follow","max-snippet":"max-snippet:-1","max-image-preview":"max-image-preview:large","max-video-preview":"max-video-preview:-1"},"og_locale":"en_US","og_type":"article","og_title":"Terms - Ensemble Orchestral Contemporain","og_description":"Ensemble Orchestral Contemporain Association loi 1901 6 Quai Jean Moulin, BP 1056, 69201 Lyon Cedex 01 Si\u00e8ge social\u00a0: Conservatoire Massenet, 32 rue des Francs-Ma\u00e7ons, 42100 Saint-\u00c9tienne T\u00e9l : 04 72 10 90 40 Site Internet : www.eoc.fr Courriel : info@eoc.fr L\u2019Ensemble Orchestral Contemporain est un Ensemble \u00e0 Rayonnement National et International (CERNI). Il est subventionn\u00e9 [&hellip;]","og_url":"https:\/\/old-eoc.dev-app.net\/en\/terms\/","og_site_name":"Ensemble Orchestral Contemporain","article_modified_time":"2018-08-16T11:25:19+00:00","twitter_card":"summary_large_image","twitter_misc":{"Est. reading time":"2 minutes"},"schema":{"@context":"https:\/\/schema.org","@graph":[{"@type":"WebPage","@id":"https:\/\/old-eoc.dev-app.net\/en\/terms\/","url":"https:\/\/old-eoc.dev-app.net\/en\/terms\/","name":"Terms - Ensemble Orchestral Contemporain","isPartOf":{"@id":"https:\/\/old-eoc.dev-app.net\/#website"},"datePublished":"2018-06-12T08:17:20+00:00","dateModified":"2018-08-16T11:25:19+00:00","breadcrumb":{"@id":"https:\/\/old-eoc.dev-app.net\/en\/terms\/#breadcrumb"},"inLanguage":"en-US","potentialAction":[{"@type":"ReadAction","target":["https:\/\/old-eoc.dev-app.net\/en\/terms\/"]}]},{"@type":"BreadcrumbList","@id":"https:\/\/old-eoc.dev-app.net\/en\/terms\/#breadcrumb","itemListElement":[{"@type":"ListItem","position":1,"name":"Accueil","item":"https:\/\/old-eoc.dev-app.net\/en\/"},{"@type":"ListItem","position":2,"name":"Terms"}]},{"@type":"WebSite","@id":"https:\/\/old-eoc.dev-app.net\/#website","url":"https:\/\/old-eoc.dev-app.net\/","name":"Ensemble Orchestral Contemporain","description":"Direction Daniel Kawka","publisher":{"@id":"https:\/\/old-eoc.dev-app.net\/#organization"},"potentialAction":[{"@type":"SearchAction","target":{"@type":"EntryPoint","urlTemplate":"https:\/\/old-eoc.dev-app.net\/?s={search_term_string}"},"query-input":{"@type":"PropertyValueSpecification","valueRequired":true,"valueName":"search_term_string"}}],"inLanguage":"en-US"},{"@type":"Organization","@id":"https:\/\/old-eoc.dev-app.net\/#organization","name":"Ensemble Orchestral Contemporain","url":"https:\/\/old-eoc.dev-app.net\/","logo":{"@type":"ImageObject","inLanguage":"en-US","@id":"https:\/\/old-eoc.dev-app.net\/#\/schema\/logo\/image\/","url":"https:\/\/old-eoc.dev-app.net\/wp-content\/uploads\/2024\/02\/cropped-admin-ajax2.jpg","contentUrl":"https:\/\/old-eoc.dev-app.net\/wp-content\/uploads\/2024\/02\/cropped-admin-ajax2.jpg","width":148,"height":79,"caption":"Ensemble Orchestral Contemporain"},"image":{"@id":"https:\/\/old-eoc.dev-app.net\/#\/schema\/logo\/image\/"},"sameAs":["https:\/\/www.youtube.com\/user\/EnsembleEOC"]}]}},"_links":{"self":[{"href":"https:\/\/old-eoc.dev-app.net\/en\/wp-json\/wp\/v2\/pages\/1704","targetHints":{"allow":["GET"]}}],"collection":[{"href":"https:\/\/old-eoc.dev-app.net\/en\/wp-json\/wp\/v2\/pages"}],"about":[{"href":"https:\/\/old-eoc.dev-app.net\/en\/wp-json\/wp\/v2\/types\/page"}],"author":[{"embeddable":true,"href":"https:\/\/old-eoc.dev-app.net\/en\/wp-json\/wp\/v2\/users\/1"}],"replies":[{"embeddable":true,"href":"https:\/\/old-eoc.dev-app.net\/en\/wp-json\/wp\/v2\/comments?post=1704"}],"version-history":[{"count":0,"href":"https:\/\/old-eoc.dev-app.net\/en\/wp-json\/wp\/v2\/pages\/1704\/revisions"}],"wp:attachment":[{"href":"https:\/\/old-eoc.dev-app.net\/en\/wp-json\/wp\/v2\/media?parent=1704"}],"curies":[{"name":"wp","href":"https:\/\/api.w.org\/{rel}","templated":true}]}}