{"id":1697,"date":"2018-06-11T17:33:38","date_gmt":"2018-06-11T15:33:38","guid":{"rendered":"http:\/\/dev.eoc.fr\/contact\/"},"modified":"2024-09-26T16:15:01","modified_gmt":"2024-09-26T14:15:01","slug":"contact","status":"publish","type":"page","link":"https:\/\/old-eoc.dev-app.net\/en\/contact\/","title":{"rendered":"Contact"},"content":{"rendered":"<h4 dir=\"ltr\">Adresse administrative<\/h4>\n<p dir=\"ltr\"><strong>Ensemble Orchestral Contemporain<\/strong><br \/>\nOp\u00e9ra de Saint-\u00c9tienne<br \/>\n<span class=\"\">Jardin des Plantes &#8211; BP 237<br class=\"\" \/>42013 Saint-\u00c9tienne cedex 2<\/span><\/p>\n<p dir=\"ltr\">+33 (0)4 22 91 41 77<br \/>\n<a href=\"mailto:info@eoc.fr\">info@eoc.fr<\/a><\/p>\n<h4 dir=\"ltr\">Si\u00e8ge social<\/h4>\n<p dir=\"ltr\"><strong>Conservatoire Massenet<\/strong><br \/>\n32, Rue des Francs-Ma\u00e7ons<br \/>\n42100 Saint-\u00c9tienne<\/p>\n<p>&nbsp;<\/p>\n","protected":false},"excerpt":{"rendered":"<p>Adresse administrative Ensemble Orchestral Contemporain Op\u00e9ra de Saint-\u00c9tienne Jardin des Plantes &#8211; BP 23742013 Saint-\u00c9tienne cedex 2 +33 (0)4 22 91 41 77 info@eoc.fr Si\u00e8ge social Conservatoire Massenet 32, Rue des Francs-Ma\u00e7ons 42100 Saint-\u00c9tienne &nbsp;<\/p>\n","protected":false},"author":1,"featured_media":0,"parent":0,"menu_order":8,"comment_status":"closed","ping_status":"closed","template":"","meta":{"_acf_changed":false,"footnotes":""},"class_list":["post-1697","page","type-page","status-publish","hentry"],"acf":[],"yoast_head":"<!-- This site is optimized with the Yoast SEO plugin v24.8.1 - https:\/\/yoast.com\/wordpress\/plugins\/seo\/ -->\n<title>Contact - Ensemble Orchestral Contemporain<\/title>\n<meta name=\"robots\" content=\"noindex, follow, max-snippet:-1, max-image-preview:large, max-video-preview:-1\" \/>\n<meta property=\"og:locale\" content=\"en_US\" \/>\n<meta property=\"og:type\" content=\"article\" \/>\n<meta property=\"og:title\" content=\"Contact - Ensemble Orchestral Contemporain\" \/>\n<meta property=\"og:description\" content=\"Adresse administrative Ensemble Orchestral Contemporain Op\u00e9ra de Saint-\u00c9tienne Jardin des Plantes &#8211; BP 23742013 Saint-\u00c9tienne cedex 2 +33 (0)4 22 91 41 77 info@eoc.fr Si\u00e8ge social Conservatoire Massenet 32, Rue des Francs-Ma\u00e7ons 42100 Saint-\u00c9tienne &nbsp;\" \/>\n<meta property=\"og:url\" content=\"https:\/\/old-eoc.dev-app.net\/en\/contact\/\" \/>\n<meta property=\"og:site_name\" content=\"Ensemble Orchestral Contemporain\" \/>\n<meta property=\"article:modified_time\" content=\"2024-09-26T14:15:01+00:00\" \/>\n<meta name=\"twitter:card\" content=\"summary_large_image\" \/>\n<script type=\"application\/ld+json\" class=\"yoast-schema-graph\">{\"@context\":\"https:\/\/schema.org\",\"@graph\":[{\"@type\":\"WebPage\",\"@id\":\"https:\/\/old-eoc.dev-app.net\/en\/contact\/\",\"url\":\"https:\/\/old-eoc.dev-app.net\/en\/contact\/\",\"name\":\"Contact - Ensemble Orchestral Contemporain\",\"isPartOf\":{\"@id\":\"https:\/\/old-eoc.dev-app.net\/#website\"},\"datePublished\":\"2018-06-11T15:33:38+00:00\",\"dateModified\":\"2024-09-26T14:15:01+00:00\",\"breadcrumb\":{\"@id\":\"https:\/\/old-eoc.dev-app.net\/en\/contact\/#breadcrumb\"},\"inLanguage\":\"en-US\",\"potentialAction\":[{\"@type\":\"ReadAction\",\"target\":[\"https:\/\/old-eoc.dev-app.net\/en\/contact\/\"]}]},{\"@type\":\"BreadcrumbList\",\"@id\":\"https:\/\/old-eoc.dev-app.net\/en\/contact\/#breadcrumb\",\"itemListElement\":[{\"@type\":\"ListItem\",\"position\":1,\"name\":\"Accueil\",\"item\":\"https:\/\/old-eoc.dev-app.net\/en\/\"},{\"@type\":\"ListItem\",\"position\":2,\"name\":\"Contact\"}]},{\"@type\":\"WebSite\",\"@id\":\"https:\/\/old-eoc.dev-app.net\/#website\",\"url\":\"https:\/\/old-eoc.dev-app.net\/\",\"name\":\"Ensemble Orchestral Contemporain\",\"description\":\"Direction Daniel Kawka\",\"publisher\":{\"@id\":\"https:\/\/old-eoc.dev-app.net\/#organization\"},\"potentialAction\":[{\"@type\":\"SearchAction\",\"target\":{\"@type\":\"EntryPoint\",\"urlTemplate\":\"https:\/\/old-eoc.dev-app.net\/?s={search_term_string}\"},\"query-input\":{\"@type\":\"PropertyValueSpecification\",\"valueRequired\":true,\"valueName\":\"search_term_string\"}}],\"inLanguage\":\"en-US\"},{\"@type\":\"Organization\",\"@id\":\"https:\/\/old-eoc.dev-app.net\/#organization\",\"name\":\"Ensemble Orchestral Contemporain\",\"url\":\"https:\/\/old-eoc.dev-app.net\/\",\"logo\":{\"@type\":\"ImageObject\",\"inLanguage\":\"en-US\",\"@id\":\"https:\/\/old-eoc.dev-app.net\/#\/schema\/logo\/image\/\",\"url\":\"https:\/\/old-eoc.dev-app.net\/wp-content\/uploads\/2024\/02\/cropped-admin-ajax2.jpg\",\"contentUrl\":\"https:\/\/old-eoc.dev-app.net\/wp-content\/uploads\/2024\/02\/cropped-admin-ajax2.jpg\",\"width\":148,\"height\":79,\"caption\":\"Ensemble Orchestral Contemporain\"},\"image\":{\"@id\":\"https:\/\/old-eoc.dev-app.net\/#\/schema\/logo\/image\/\"},\"sameAs\":[\"https:\/\/www.youtube.com\/user\/EnsembleEOC\"]}]}<\/script>\n<!-- \/ Yoast SEO plugin. -->","yoast_head_json":{"title":"Contact - Ensemble Orchestral Contemporain","robots":{"index":"noindex","follow":"follow","max-snippet":"max-snippet:-1","max-image-preview":"max-image-preview:large","max-video-preview":"max-video-preview:-1"},"og_locale":"en_US","og_type":"article","og_title":"Contact - Ensemble Orchestral Contemporain","og_description":"Adresse administrative Ensemble Orchestral Contemporain Op\u00e9ra de Saint-\u00c9tienne Jardin des Plantes &#8211; BP 23742013 Saint-\u00c9tienne cedex 2 +33 (0)4 22 91 41 77 info@eoc.fr Si\u00e8ge social Conservatoire Massenet 32, Rue des Francs-Ma\u00e7ons 42100 Saint-\u00c9tienne &nbsp;","og_url":"https:\/\/old-eoc.dev-app.net\/en\/contact\/","og_site_name":"Ensemble Orchestral Contemporain","article_modified_time":"2024-09-26T14:15:01+00:00","twitter_card":"summary_large_image","schema":{"@context":"https:\/\/schema.org","@graph":[{"@type":"WebPage","@id":"https:\/\/old-eoc.dev-app.net\/en\/contact\/","url":"https:\/\/old-eoc.dev-app.net\/en\/contact\/","name":"Contact - Ensemble Orchestral Contemporain","isPartOf":{"@id":"https:\/\/old-eoc.dev-app.net\/#website"},"datePublished":"2018-06-11T15:33:38+00:00","dateModified":"2024-09-26T14:15:01+00:00","breadcrumb":{"@id":"https:\/\/old-eoc.dev-app.net\/en\/contact\/#breadcrumb"},"inLanguage":"en-US","potentialAction":[{"@type":"ReadAction","target":["https:\/\/old-eoc.dev-app.net\/en\/contact\/"]}]},{"@type":"BreadcrumbList","@id":"https:\/\/old-eoc.dev-app.net\/en\/contact\/#breadcrumb","itemListElement":[{"@type":"ListItem","position":1,"name":"Accueil","item":"https:\/\/old-eoc.dev-app.net\/en\/"},{"@type":"ListItem","position":2,"name":"Contact"}]},{"@type":"WebSite","@id":"https:\/\/old-eoc.dev-app.net\/#website","url":"https:\/\/old-eoc.dev-app.net\/","name":"Ensemble Orchestral Contemporain","description":"Direction Daniel Kawka","publisher":{"@id":"https:\/\/old-eoc.dev-app.net\/#organization"},"potentialAction":[{"@type":"SearchAction","target":{"@type":"EntryPoint","urlTemplate":"https:\/\/old-eoc.dev-app.net\/?s={search_term_string}"},"query-input":{"@type":"PropertyValueSpecification","valueRequired":true,"valueName":"search_term_string"}}],"inLanguage":"en-US"},{"@type":"Organization","@id":"https:\/\/old-eoc.dev-app.net\/#organization","name":"Ensemble Orchestral Contemporain","url":"https:\/\/old-eoc.dev-app.net\/","logo":{"@type":"ImageObject","inLanguage":"en-US","@id":"https:\/\/old-eoc.dev-app.net\/#\/schema\/logo\/image\/","url":"https:\/\/old-eoc.dev-app.net\/wp-content\/uploads\/2024\/02\/cropped-admin-ajax2.jpg","contentUrl":"https:\/\/old-eoc.dev-app.net\/wp-content\/uploads\/2024\/02\/cropped-admin-ajax2.jpg","width":148,"height":79,"caption":"Ensemble Orchestral Contemporain"},"image":{"@id":"https:\/\/old-eoc.dev-app.net\/#\/schema\/logo\/image\/"},"sameAs":["https:\/\/www.youtube.com\/user\/EnsembleEOC"]}]}},"_links":{"self":[{"href":"https:\/\/old-eoc.dev-app.net\/en\/wp-json\/wp\/v2\/pages\/1697","targetHints":{"allow":["GET"]}}],"collection":[{"href":"https:\/\/old-eoc.dev-app.net\/en\/wp-json\/wp\/v2\/pages"}],"about":[{"href":"https:\/\/old-eoc.dev-app.net\/en\/wp-json\/wp\/v2\/types\/page"}],"author":[{"embeddable":true,"href":"https:\/\/old-eoc.dev-app.net\/en\/wp-json\/wp\/v2\/users\/1"}],"replies":[{"embeddable":true,"href":"https:\/\/old-eoc.dev-app.net\/en\/wp-json\/wp\/v2\/comments?post=1697"}],"version-history":[{"count":0,"href":"https:\/\/old-eoc.dev-app.net\/en\/wp-json\/wp\/v2\/pages\/1697\/revisions"}],"wp:attachment":[{"href":"https:\/\/old-eoc.dev-app.net\/en\/wp-json\/wp\/v2\/media?parent=1697"}],"curies":[{"name":"wp","href":"https:\/\/api.w.org\/{rel}","templated":true}]}}